{"id":118,"date":"2025-12-05T16:27:58","date_gmt":"2025-12-05T22:27:58","guid":{"rendered":"https:\/\/www.matisacr.com\/?page_id=118"},"modified":"2026-02-03T23:01:03","modified_gmt":"2026-02-04T05:01:03","slug":"nosotros","status":"publish","type":"page","link":"https:\/\/www.matisacr.com\/en\/nosotros\/","title":{"rendered":"ABOUT US"},"content":{"rendered":"<div data-elementor-type=\"wp-page\" data-elementor-id=\"118\" class=\"elementor elementor-118\" data-elementor-post-type=\"page\">\n\t\t\t\t<div class=\"elementor-element elementor-element-5b99e2b e-flex e-con-boxed e-con e-parent\" data-id=\"5b99e2b\" data-element_type=\"container\" data-e-type=\"container\" data-settings=\"{&quot;background_background&quot;:&quot;classic&quot;}\">\n\t\t\t\t\t<div class=\"e-con-inner\">\n\t\t<div class=\"elementor-element elementor-element-baac242 e-con-full e-flex e-con e-child\" data-id=\"baac242\" data-element_type=\"container\" data-e-type=\"container\">\n\t\t<div class=\"elementor-element elementor-element-6350eee e-con-full e-flex e-con e-child\" data-id=\"6350eee\" data-element_type=\"container\" data-e-type=\"container\">\n\t\t<div class=\"elementor-element elementor-element-788d71d e-con-full e-flex e-con e-child\" data-id=\"788d71d\" data-element_type=\"container\" data-e-type=\"container\">\n\t\t\t\t<div class=\"elementor-element elementor-element-a0333f9 elementor-widget elementor-widget-heading\" data-id=\"a0333f9\" data-element_type=\"widget\" data-e-type=\"widget\" data-widget_type=\"heading.default\">\n\t\t\t\t\t<h2 class=\"elementor-heading-title elementor-size-default\">About<\/h2>\t\t\t\t<\/div>\n\t\t\t\t<div class=\"elementor-element elementor-element-fa5d8ef elementor-widget elementor-widget-heading\" data-id=\"fa5d8ef\" data-element_type=\"widget\" data-e-type=\"widget\" data-widget_type=\"heading.default\">\n\t\t\t\t\t<h2 class=\"elementor-heading-title elementor-size-default\">US<\/h2>\t\t\t\t<\/div>\n\t\t\t\t<\/div>\n\t\t<div class=\"elementor-element elementor-element-b1c0be5 e-con-full e-flex e-con e-child\" data-id=\"b1c0be5\" data-element_type=\"container\" data-e-type=\"container\">\n\t\t\t\t<div class=\"elementor-element elementor-element-90aad54 elementor-widget elementor-widget-text-editor\" data-id=\"90aad54\" data-element_type=\"widget\" data-e-type=\"widget\" data-widget_type=\"text-editor.default\">\n\t\t\t\t\t\t\t\t\t<p>Matisa was born in Sarapiqu\u00ed, Costa Rica, as the shared dream of two visionaries who believe that agriculture can be a powerful engine for sustainability and development. Inspired by the richness of the Costa Rican tropics and the transformative potential of the coconut, they set out to create an organic farm based on a circular economy model, where nothing is wasted and everything is returned to the land. From its earliest days, Matisa aimed to go beyond traditional agriculture by making full use of the fruit\u2014beginning with ornamental plants.<\/p>\t\t\t\t\t\t\t\t<\/div>\n\t\t\t\t<\/div>\n\t\t\t\t<\/div>\n\t\t<div class=\"elementor-element elementor-element-8cf5636 e-con-full e-flex e-con e-child\" data-id=\"8cf5636\" data-element_type=\"container\" data-e-type=\"container\">\n\t\t<div class=\"elementor-element elementor-element-456a582 e-con-full e-flex e-con e-child\" data-id=\"456a582\" data-element_type=\"container\" data-e-type=\"container\">\n\t\t\t\t<div class=\"elementor-element elementor-element-39edb31 elementor-widget elementor-widget-image\" data-id=\"39edb31\" data-element_type=\"widget\" data-e-type=\"widget\" data-widget_type=\"image.default\">\n\t\t\t\t\t\t\t\t\t\t\t\t\t\t\t<img fetchpriority=\"high\" decoding=\"async\" width=\"557\" height=\"418\" src=\"https:\/\/www.matisacr.com\/wp-content\/uploads\/2025\/12\/image-132.png\" class=\"attachment-large size-large wp-image-377\" alt=\"\" srcset=\"https:\/\/www.matisacr.com\/wp-content\/uploads\/2025\/12\/image-132.png 557w, https:\/\/www.matisacr.com\/wp-content\/uploads\/2025\/12\/image-132-300x225.png 300w\" sizes=\"(max-width: 557px) 100vw, 557px\" \/>\t\t\t\t\t\t\t\t\t\t\t\t\t\t\t<\/div>\n\t\t\t\t<\/div>\n\t\t\t\t<\/div>\n\t\t\t\t<\/div>\n\t\t\t\t\t<\/div>\n\t\t\t\t<\/div>\n\t\t<div class=\"elementor-element elementor-element-6ec9626 e-flex e-con-boxed e-con e-parent\" data-id=\"6ec9626\" data-element_type=\"container\" data-e-type=\"container\">\n\t\t\t\t\t<div class=\"e-con-inner\">\n\t\t<div class=\"elementor-element elementor-element-a5e1f4b e-con-full e-flex e-con e-child\" data-id=\"a5e1f4b\" data-element_type=\"container\" data-e-type=\"container\">\n\t\t<div class=\"elementor-element elementor-element-5b175b5 e-con-full e-flex e-con e-child\" data-id=\"5b175b5\" data-element_type=\"container\" data-e-type=\"container\">\n\t\t<div class=\"elementor-element elementor-element-bbe8559 e-con-full e-flex e-con e-child\" data-id=\"bbe8559\" data-element_type=\"container\" data-e-type=\"container\">\n\t\t<div class=\"elementor-element elementor-element-5c5b9c0 e-con-full e-flex e-con e-child\" data-id=\"5c5b9c0\" data-element_type=\"container\" data-e-type=\"container\" data-settings=\"{&quot;background_background&quot;:&quot;classic&quot;}\">\n\t\t\t\t<div class=\"elementor-element elementor-element-2070664 elementor-widget elementor-widget-image\" data-id=\"2070664\" data-element_type=\"widget\" data-e-type=\"widget\" data-widget_type=\"image.default\">\n\t\t\t\t\t\t\t\t\t\t\t\t\t\t\t<img decoding=\"async\" width=\"272\" height=\"412\" src=\"https:\/\/www.matisacr.com\/wp-content\/uploads\/2025\/12\/image-129.png\" class=\"attachment-large size-large wp-image-139\" alt=\"\" srcset=\"https:\/\/www.matisacr.com\/wp-content\/uploads\/2025\/12\/image-129.png 272w, https:\/\/www.matisacr.com\/wp-content\/uploads\/2025\/12\/image-129-198x300.png 198w\" sizes=\"(max-width: 272px) 100vw, 272px\" \/>\t\t\t\t\t\t\t\t\t\t\t\t\t\t\t<\/div>\n\t\t\t\t<\/div>\n\t\t\t\t<\/div>\n\t\t<div class=\"elementor-element elementor-element-54e3990 e-con-full e-flex e-con e-child\" data-id=\"54e3990\" data-element_type=\"container\" data-e-type=\"container\">\n\t\t<div class=\"elementor-element elementor-element-c66f6cc e-con-full e-flex e-con e-child\" data-id=\"c66f6cc\" data-element_type=\"container\" data-e-type=\"container\">\n\t\t\t\t<div class=\"elementor-element elementor-element-c734af0 elementor-widget elementor-widget-image\" data-id=\"c734af0\" data-element_type=\"widget\" data-e-type=\"widget\" data-widget_type=\"image.default\">\n\t\t\t\t\t\t\t\t\t\t\t\t\t\t\t<img decoding=\"async\" width=\"700\" height=\"198\" src=\"https:\/\/www.matisacr.com\/wp-content\/uploads\/2025\/12\/image-126-1.png\" class=\"attachment-large size-large wp-image-383\" alt=\"\" srcset=\"https:\/\/www.matisacr.com\/wp-content\/uploads\/2025\/12\/image-126-1.png 700w, https:\/\/www.matisacr.com\/wp-content\/uploads\/2025\/12\/image-126-1-300x85.png 300w\" sizes=\"(max-width: 700px) 100vw, 700px\" \/>\t\t\t\t\t\t\t\t\t\t\t\t\t\t\t<\/div>\n\t\t\t\t<\/div>\n\t\t<div class=\"elementor-element elementor-element-5df03a4 e-con-full e-flex e-con e-child\" data-id=\"5df03a4\" data-element_type=\"container\" data-e-type=\"container\">\n\t\t<div class=\"elementor-element elementor-element-846c59c e-con-full e-flex e-con e-child\" data-id=\"846c59c\" data-element_type=\"container\" data-e-type=\"container\" data-settings=\"{&quot;background_background&quot;:&quot;classic&quot;}\">\n\t\t\t\t<div class=\"elementor-element elementor-element-9fa8024 elementor-widget elementor-widget-heading\" data-id=\"9fa8024\" data-element_type=\"widget\" data-e-type=\"widget\" data-widget_type=\"heading.default\">\n\t\t\t\t\t<h2 class=\"elementor-heading-title elementor-size-default\">HEREDIA<\/h2>\t\t\t\t<\/div>\n\t\t\t\t<\/div>\n\t\t<div class=\"elementor-element elementor-element-948c20c e-con-full e-flex e-con e-child\" data-id=\"948c20c\" data-element_type=\"container\" data-e-type=\"container\" data-settings=\"{&quot;background_background&quot;:&quot;classic&quot;}\">\n\t\t\t\t<div class=\"elementor-element elementor-element-f80effd elementor-widget elementor-widget-heading\" data-id=\"f80effd\" data-element_type=\"widget\" data-e-type=\"widget\" data-widget_type=\"heading.default\">\n\t\t\t\t\t<h2 class=\"elementor-heading-title elementor-size-default\">COSTA RICA<\/h2>\t\t\t\t<\/div>\n\t\t\t\t<\/div>\n\t\t\t\t<\/div>\n\t\t<div class=\"elementor-element elementor-element-8594a64 e-con-full e-flex e-con e-child\" data-id=\"8594a64\" data-element_type=\"container\" data-e-type=\"container\">\n\t\t\t\t<div class=\"elementor-element elementor-element-7a3ca48 elementor-widget elementor-widget-text-editor\" data-id=\"7a3ca48\" data-element_type=\"widget\" data-e-type=\"widget\" data-widget_type=\"text-editor.default\">\n\t\t\t\t\t\t\t\t\t<p>Sarapiqu\u00ed is an ideal region for cultivation due to the fertility of its soils, its high-rainfall climate, and its rich biodiversity, which includes a wide variety of plant and animal species. These favorable conditions allow for the successful cultivation of a broad range of crops, such as bananas and pineapples.<\/p>\t\t\t\t\t\t\t\t<\/div>\n\t\t\t\t<\/div>\n\t\t\t\t<\/div>\n\t\t\t\t<\/div>\n\t\t\t\t<\/div>\n\t\t\t\t\t<\/div>\n\t\t\t\t<\/div>\n\t\t<div class=\"elementor-element elementor-element-32b4b01 e-con-full e-flex e-con e-parent\" data-id=\"32b4b01\" data-element_type=\"container\" data-e-type=\"container\" data-settings=\"{&quot;background_background&quot;:&quot;classic&quot;}\">\n\t\t<div class=\"elementor-element elementor-element-85f8df4 e-con-full e-flex e-con e-child\" data-id=\"85f8df4\" data-element_type=\"container\" data-e-type=\"container\">\n\t\t<div class=\"elementor-element elementor-element-5199759 e-con-full e-flex e-con e-child\" data-id=\"5199759\" data-element_type=\"container\" data-e-type=\"container\">\n\t\t\t\t<div class=\"elementor-element elementor-element-506ca23 elementor-widget elementor-widget-heading\" data-id=\"506ca23\" data-element_type=\"widget\" data-e-type=\"widget\" data-widget_type=\"heading.default\">\n\t\t\t\t\t<h2 class=\"elementor-heading-title elementor-size-default\">Why Choose Us?<\/h2>\t\t\t\t<\/div>\n\t\t<div class=\"elementor-element elementor-element-9d29463 e-con-full e-flex e-con e-child\" data-id=\"9d29463\" data-element_type=\"container\" data-e-type=\"container\">\n\t\t<div class=\"elementor-element elementor-element-543fc48 e-con-full e-flex e-con e-child\" data-id=\"543fc48\" data-element_type=\"container\" data-e-type=\"container\">\n\t\t\t\t<div class=\"elementor-element elementor-element-38f7972 elementor-widget elementor-widget-image\" data-id=\"38f7972\" data-element_type=\"widget\" data-e-type=\"widget\" data-widget_type=\"image.default\">\n\t\t\t\t\t\t\t\t\t\t\t\t\t\t\t<img loading=\"lazy\" decoding=\"async\" width=\"124\" height=\"122\" src=\"https:\/\/www.matisacr.com\/wp-content\/uploads\/2025\/12\/mano_cora.svg\" class=\"attachment-large size-large wp-image-162\" alt=\"\" \/>\t\t\t\t\t\t\t\t\t\t\t\t\t\t\t<\/div>\n\t\t\t\t<div class=\"elementor-element elementor-element-470652f elementor-widget elementor-widget-heading\" data-id=\"470652f\" data-element_type=\"widget\" data-e-type=\"widget\" data-widget_type=\"heading.default\">\n\t\t\t\t\t<h2 class=\"elementor-heading-title elementor-size-default\">Community<\/h2>\t\t\t\t<\/div>\n\t\t\t\t<div class=\"elementor-element elementor-element-4e5ddd1 elementor-widget elementor-widget-text-editor\" data-id=\"4e5ddd1\" data-element_type=\"widget\" data-e-type=\"widget\" data-widget_type=\"text-editor.default\">\n\t\t\t\t\t\t\t\t\t<p>Solidarity and empowerment of female leadership, supporting the local community.<\/p>\t\t\t\t\t\t\t\t<\/div>\n\t\t\t\t<\/div>\n\t\t<div class=\"elementor-element elementor-element-756951a e-con-full e-flex e-con e-child\" data-id=\"756951a\" data-element_type=\"container\" data-e-type=\"container\">\n\t\t\t\t<div class=\"elementor-element elementor-element-3db151d elementor-widget elementor-widget-image\" data-id=\"3db151d\" data-element_type=\"widget\" data-e-type=\"widget\" data-widget_type=\"image.default\">\n\t\t\t\t\t\t\t\t\t\t\t\t\t\t\t<img loading=\"lazy\" decoding=\"async\" width=\"115\" height=\"115\" src=\"https:\/\/www.matisacr.com\/wp-content\/uploads\/2025\/12\/producto.svg\" class=\"attachment-large size-large wp-image-163\" alt=\"\" \/>\t\t\t\t\t\t\t\t\t\t\t\t\t\t\t<\/div>\n\t\t\t\t<div class=\"elementor-element elementor-element-19e148a elementor-widget elementor-widget-heading\" data-id=\"19e148a\" data-element_type=\"widget\" data-e-type=\"widget\" data-widget_type=\"heading.default\">\n\t\t\t\t\t<h2 class=\"elementor-heading-title elementor-size-default\">Product<\/h2>\t\t\t\t<\/div>\n\t\t\t\t<div class=\"elementor-element elementor-element-2bce3c1 elementor-widget elementor-widget-text-editor\" data-id=\"2bce3c1\" data-element_type=\"widget\" data-e-type=\"widget\" data-widget_type=\"text-editor.default\">\n\t\t\t\t\t\t\t\t\t<p>International-quality products with recognized certifications.<\/p>\t\t\t\t\t\t\t\t<\/div>\n\t\t\t\t<\/div>\n\t\t<div class=\"elementor-element elementor-element-661180b e-con-full e-flex e-con e-child\" data-id=\"661180b\" data-element_type=\"container\" data-e-type=\"container\">\n\t\t\t\t<div class=\"elementor-element elementor-element-e6a528b elementor-widget elementor-widget-image\" data-id=\"e6a528b\" data-element_type=\"widget\" data-e-type=\"widget\" data-widget_type=\"image.default\">\n\t\t\t\t\t\t\t\t\t\t\t\t\t\t\t<img loading=\"lazy\" decoding=\"async\" width=\"135\" height=\"127\" src=\"https:\/\/www.matisacr.com\/wp-content\/uploads\/2025\/12\/ambiente.svg\" class=\"attachment-large size-large wp-image-164\" alt=\"\" \/>\t\t\t\t\t\t\t\t\t\t\t\t\t\t\t<\/div>\n\t\t\t\t<div class=\"elementor-element elementor-element-08a82d1 elementor-widget elementor-widget-heading\" data-id=\"08a82d1\" data-element_type=\"widget\" data-e-type=\"widget\" data-widget_type=\"heading.default\">\n\t\t\t\t\t<h2 class=\"elementor-heading-title elementor-size-default\">Sustainability<\/h2>\t\t\t\t<\/div>\n\t\t\t\t<div class=\"elementor-element elementor-element-0055ebd elementor-widget elementor-widget-text-editor\" data-id=\"0055ebd\" data-element_type=\"widget\" data-e-type=\"widget\" data-widget_type=\"text-editor.default\">\n\t\t\t\t\t\t\t\t\t<p>Commitment to the environment and sustainability<\/p>\t\t\t\t\t\t\t\t<\/div>\n\t\t\t\t<\/div>\n\t\t\t\t<\/div>\n\t\t<div class=\"elementor-element elementor-element-7ce78c5 e-con-full e-flex e-con e-child\" data-id=\"7ce78c5\" data-element_type=\"container\" data-e-type=\"container\" data-settings=\"{&quot;background_background&quot;:&quot;classic&quot;}\">\n\t\t\t\t<div class=\"elementor-element elementor-element-ba2d842 elementor-widget elementor-widget-text-editor\" data-id=\"ba2d842\" data-element_type=\"widget\" data-e-type=\"widget\" data-widget_type=\"text-editor.default\">\n\t\t\t\t\t\t\t\t\t<p>Matisa aims to be your connection to Costa Rican organic agriculture through 100% natural, sustainable, and fully utilized coconut products and derivatives that combine quality, innovation, and elegance\u2014bringing them directly from the land to your table, office, or business.<\/p>\t\t\t\t\t\t\t\t<\/div>\n\t\t\t\t<\/div>\n\t\t\t\t<\/div>\n\t\t<div class=\"elementor-element elementor-element-8d8ff5d e-con-full e-flex e-con e-child\" data-id=\"8d8ff5d\" data-element_type=\"container\" data-e-type=\"container\" data-settings=\"{&quot;background_background&quot;:&quot;classic&quot;}\">\n\t\t\t\t<\/div>\n\t\t\t\t<\/div>\n\t\t\t\t<\/div>\n\t\t\t\t<\/div>","protected":false},"excerpt":{"rendered":"<p>Sobre NOSOTROS Matisa naci\u00f3 en Sarapiqu\u00ed, Costa Rica, como el sue\u00f1o compartido de dos visionarias convencidas de que la agricultura [&hellip;]<\/p>","protected":false},"author":1,"featured_media":0,"parent":0,"menu_order":0,"comment_status":"closed","ping_status":"closed","template":"","meta":{"site-sidebar-layout":"no-sidebar","site-content-layout":"","ast-site-content-layout":"full-width-container","site-content-style":"default","site-sidebar-style":"default","ast-global-header-display":"","ast-banner-title-visibility":"","ast-main-header-display":"","ast-hfb-above-header-display":"","ast-hfb-below-header-display":"","ast-hfb-mobile-header-display":"","site-post-title":"","ast-breadcrumbs-content":"","ast-featured-img":"disabled","footer-sml-layout":"","theme-transparent-header-meta":"","adv-header-id-meta":"","stick-header-meta":"","header-above-stick-meta":"","header-main-stick-meta":"","header-below-stick-meta":"","astra-migrate-meta-layouts":"default","ast-page-background-enabled":"default","ast-page-background-meta":{"desktop":{"background-color":"var(--ast-global-color-5)","background-image":"","background-repeat":"repeat","background-position":"center center","background-size":"auto","background-attachment":"scroll","background-type":"","background-media":"","overlay-type":"","overlay-color":"","overlay-opacity":"","overlay-gradient":""},"tablet":{"background-color":"","background-image":"","background-repeat":"repeat","background-position":"center center","background-size":"auto","background-attachment":"scroll","background-type":"","background-media":"","overlay-type":"","overlay-color":"","overlay-opacity":"","overlay-gradient":""},"mobile":{"background-color":"","background-image":"","background-repeat":"repeat","background-position":"center center","background-size":"auto","background-attachment":"scroll","background-type":"","background-media":"","overlay-type":"","overlay-color":"","overlay-opacity":"","overlay-gradient":""}},"ast-content-background-meta":{"desktop":{"background-color":"var(--ast-global-color-4)","background-image":"","background-repeat":"repeat","background-position":"center center","background-size":"auto","background-attachment":"scroll","background-type":"","background-media":"","overlay-type":"","overlay-color":"","overlay-opacity":"","overlay-gradient":""},"tablet":{"background-color":"var(--ast-global-color-4)","background-image":"","background-repeat":"repeat","background-position":"center center","background-size":"auto","background-attachment":"scroll","background-type":"","background-media":"","overlay-type":"","overlay-color":"","overlay-opacity":"","overlay-gradient":""},"mobile":{"background-color":"var(--ast-global-color-4)","background-image":"","background-repeat":"repeat","background-position":"center center","background-size":"auto","background-attachment":"scroll","background-type":"","background-media":"","overlay-type":"","overlay-color":"","overlay-opacity":"","overlay-gradient":""}},"footnotes":""},"class_list":["post-118","page","type-page","status-publish","hentry"],"_links":{"self":[{"href":"https:\/\/www.matisacr.com\/en\/wp-json\/wp\/v2\/pages\/118","targetHints":{"allow":["GET"]}}],"collection":[{"href":"https:\/\/www.matisacr.com\/en\/wp-json\/wp\/v2\/pages"}],"about":[{"href":"https:\/\/www.matisacr.com\/en\/wp-json\/wp\/v2\/types\/page"}],"author":[{"embeddable":true,"href":"https:\/\/www.matisacr.com\/en\/wp-json\/wp\/v2\/users\/1"}],"replies":[{"embeddable":true,"href":"https:\/\/www.matisacr.com\/en\/wp-json\/wp\/v2\/comments?post=118"}],"version-history":[{"count":91,"href":"https:\/\/www.matisacr.com\/en\/wp-json\/wp\/v2\/pages\/118\/revisions"}],"predecessor-version":[{"id":780,"href":"https:\/\/www.matisacr.com\/en\/wp-json\/wp\/v2\/pages\/118\/revisions\/780"}],"wp:attachment":[{"href":"https:\/\/www.matisacr.com\/en\/wp-json\/wp\/v2\/media?parent=118"}],"curies":[{"name":"wp","href":"https:\/\/api.w.org\/{rel}","templated":true}]}}